{"id":46647,"date":"2026-01-15T13:24:54","date_gmt":"2026-01-15T12:24:54","guid":{"rendered":"https:\/\/lucentcrown.com\/?page_id=46647"},"modified":"2026-01-15T13:26:05","modified_gmt":"2026-01-15T12:26:05","slug":"imprimir","status":"publish","type":"page","link":"https:\/\/lucentcrown.com\/es\/impressum\/","title":{"rendered":"Pie de imprenta"},"content":{"rendered":"<p><strong>Lucent Crown Technologies - FZCO<\/strong><br>Edificio A1, Parque Digital de Dubai<br>Silicon Oasis de Dubai<br>Dubai, Emiratos \u00c1rabes Unidos<\/p>\n\n\n\n<p><strong>N\u00famero de licencia:<\/strong> 64612<\/p>\n\n\n\n<p><strong>Representado por el Director:<\/strong><br>Leon Vincent Jakobsmeyer<\/p>\n\n\n\n<p><strong>Contacto:<\/strong><br>Tel\u00e9fono: +49 151 72518430<br>correo electr\u00f3nico: <a>office@lucentcrown.com<\/a><\/p>\n\n\n\n<hr class=\"wp-block-separator has-alpha-channel-opacity is-style-wide\" style=\"margin-top:0;margin-bottom:0\"\/>\n\n\n\n<h2 class=\"wp-block-heading\"><strong>Responsabilidad por los contenidos<\/strong><\/h2>\n\n\n\n<p>Los contenidos de nuestras p\u00e1ginas se han elaborado con el mayor esmero. Sin embargo, no podemos asumir ninguna responsabilidad por la exactitud, integridad y actualidad de los contenidos.<\/p>\n\n\n\n<p>Como proveedor de servicios, somos responsables de nuestros propios contenidos en estas p\u00e1ginas de conformidad con el art\u00edculo 7 (1) de la TMG (Ley alemana de medios de telecomunicaci\u00f3n) y la legislaci\u00f3n general. Sin embargo, seg\u00fan los \u00a7\u00a7 8 a 10 de la TMG, no estamos obligados a controlar la informaci\u00f3n ajena transmitida o almacenada ni a investigar circunstancias que indiquen una actividad ilegal.<\/p>\n\n\n\n<p>Esto no afecta a las obligaciones de eliminar o bloquear el uso de informaci\u00f3n de conformidad con la legislaci\u00f3n general. Sin embargo, la responsabilidad s\u00f3lo ser\u00e1 posible a partir del momento en que tengamos conocimiento de una infracci\u00f3n concreta. En cuanto tengamos conocimiento de dichas infracciones, eliminaremos inmediatamente estos contenidos.<\/p>\n\n\n\n<hr class=\"wp-block-separator has-alpha-channel-opacity is-style-wide\"\/>\n\n\n\n<h2 class=\"wp-block-heading\"><strong>Responsabilidad de los enlaces<\/strong><\/h2>\n\n\n\n<p>Nuestro sitio web contiene enlaces a sitios web externos de terceros sobre cuyo contenido no tenemos ninguna influencia. Por lo tanto, no podemos asumir ninguna responsabilidad por estos contenidos ajenos. El respectivo proveedor u operador de las p\u00e1ginas es siempre responsable del contenido de las p\u00e1ginas enlazadas.<\/p>\n\n\n\n<p>En el momento de establecer el enlace se comprob\u00f3 si las p\u00e1ginas enlazadas infring\u00edan la ley. Los contenidos ilegales no eran reconocibles en el momento de establecer el enlace. El control permanente del contenido de las p\u00e1ginas enlazadas no es razonable sin pruebas concretas de una infracci\u00f3n. Si tenemos conocimiento de alguna infracci\u00f3n legal, eliminaremos dichos enlaces inmediatamente.<\/p>\n\n\n\n<hr class=\"wp-block-separator has-alpha-channel-opacity is-style-wide\"\/>\n\n\n\n<h2 class=\"wp-block-heading\"><strong>Copyright<\/strong><\/h2>\n\n\n\n<p>Los contenidos y obras creados por el operador del sitio en estas p\u00e1ginas est\u00e1n sujetos a la legislaci\u00f3n alemana sobre derechos de autor. Las contribuciones de terceros est\u00e1n etiquetadas como tales.<\/p>\n\n\n\n<p>La reproducci\u00f3n, el procesamiento, la distribuci\u00f3n y cualquier forma de comercializaci\u00f3n de dicho material m\u00e1s all\u00e1 del alcance de la ley de derechos de autor requerir\u00e1 el consentimiento previo por escrito de su respectivo autor o creador. Las descargas y copias de este sitio s\u00f3lo est\u00e1n permitidas para uso privado y no comercial.<\/p>\n\n\n\n<p>No obstante, si tiene conocimiento de una infracci\u00f3n de los derechos de autor, le rogamos que nos lo comunique. Si tenemos conocimiento de alguna infracci\u00f3n, eliminaremos dicho contenido inmediatamente.<\/p>","protected":false},"excerpt":{"rendered":"<p>Lucent Crown Technologies \u2013 FZCOBuilding A1, Dubai Digital ParkDubai Silicon OasisDubai, United Arab Emirates Lizenznummer: 64612 Vertreten durch den Director:Leon Vincent Jakobsmeyer Kontakt:Telefon: +49 151 72518430E-Mail: office@lucentcrown.com Haftung f\u00fcr Inhalte&hellip;<\/p>","protected":false},"author":1,"featured_media":0,"parent":0,"menu_order":0,"comment_status":"closed","ping_status":"closed","template":"","meta":{"footnotes":""},"class_list":["post-46647","page","type-page","status-publish","hentry"],"_links":{"self":[{"href":"https:\/\/lucentcrown.com\/es\/wp-json\/wp\/v2\/pages\/46647","targetHints":{"allow":["GET"]}}],"collection":[{"href":"https:\/\/lucentcrown.com\/es\/wp-json\/wp\/v2\/pages"}],"about":[{"href":"https:\/\/lucentcrown.com\/es\/wp-json\/wp\/v2\/types\/page"}],"author":[{"embeddable":true,"href":"https:\/\/lucentcrown.com\/es\/wp-json\/wp\/v2\/users\/1"}],"replies":[{"embeddable":true,"href":"https:\/\/lucentcrown.com\/es\/wp-json\/wp\/v2\/comments?post=46647"}],"version-history":[{"count":2,"href":"https:\/\/lucentcrown.com\/es\/wp-json\/wp\/v2\/pages\/46647\/revisions"}],"predecessor-version":[{"id":46649,"href":"https:\/\/lucentcrown.com\/es\/wp-json\/wp\/v2\/pages\/46647\/revisions\/46649"}],"wp:attachment":[{"href":"https:\/\/lucentcrown.com\/es\/wp-json\/wp\/v2\/media?parent=46647"}],"curies":[{"name":"wp","href":"https:\/\/api.w.org\/{rel}","templated":true}]}}