{"id":46650,"date":"2026-01-15T13:33:08","date_gmt":"2026-01-15T12:33:08","guid":{"rendered":"https:\/\/lucentcrown.com\/?page_id=46650"},"modified":"2026-01-15T13:33:09","modified_gmt":"2026-01-15T12:33:09","slug":"proteccion-de-datos","status":"publish","type":"page","link":"https:\/\/lucentcrown.com\/es\/datenschutz\/","title":{"rendered":"Protecci\u00f3n de datos"},"content":{"rendered":"<h3 class=\"wp-block-heading\">1er responsable (controlador)<\/h3>\n\n\n\n<p>El responsable del tratamiento en el sentido del Reglamento general de protecci\u00f3n de datos (RGPD) es<\/p>\n\n\n\n<p><strong>Lucent Crown Technologies - FZCO<\/strong><br>Edificio A1, Dubai Digital Park, Dubai Silicon Oasis<br>Dubai, Emiratos \u00c1rabes Unidos<br><strong>N\u00famero de licencia:<\/strong> 64612<\/p>\n\n\n\n<p><strong>Director:<\/strong> Leon Vincent Jakobsmeyer<\/p>\n\n\n\n<p><strong>Contacto:<\/strong><br>Tel\u00e9fono: +49 151 72518430<br>correo electr\u00f3nico: <a>office@lucentcrown.com<\/a><\/p>\n\n\n\n<hr class=\"wp-block-separator has-alpha-channel-opacity is-style-wide\"\/>\n\n\n\n<h3 class=\"wp-block-heading\">2. informaci\u00f3n general sobre el tratamiento de datos<\/h3>\n\n\n\n<p>Nos tomamos muy en serio la protecci\u00f3n de sus datos personales. Los datos personales son todos aquellos con los que se le puede identificar personalmente. Tratamos los datos personales solo en la medida necesaria para ofrecer este sitio web, tramitar consultas o cumplir medidas contractuales o precontractuales.<\/p>\n\n\n\n<p><strong>Bases jur\u00eddicas del tratamiento<\/strong> (Art. 6 GDPR) son en particular:<\/p>\n\n\n\n<ul class=\"wp-block-list\">\n<li><strong>Art\u00edculo 6, apartado 1, letra a) del RGPD<\/strong> (Consentimiento)<\/li>\n\n\n\n<li><strong>Art\u00edculo 6, apartado 1, letra b) del RGPD<\/strong> (contrato \/ medidas precontractuales)<\/li>\n\n\n\n<li><strong>Art\u00edculo 6, apartado 1, letra c) del RGPD<\/strong> (obligaci\u00f3n legal)<\/li>\n\n\n\n<li><strong>Art\u00edculo 6, apartado 1, letra f del RGPD<\/strong> (inter\u00e9s leg\u00edtimo, por ejemplo, prestaci\u00f3n segura del sitio web)<\/li>\n<\/ul>\n\n\n\n<hr class=\"wp-block-separator has-alpha-channel-opacity is-style-wide\"\/>\n\n\n\n<h3 class=\"wp-block-heading\">3. alojamiento, archivos de registro del servidor<\/h3>\n\n\n\n<p>Cuando usted visita nuestro sitio web, nuestro proveedor de alojamiento procesa autom\u00e1ticamente la informaci\u00f3n en la denominada <strong>Archivos de registro del servidor<\/strong>. Esto puede incluir:<\/p>\n\n\n\n<ul class=\"wp-block-list\">\n<li>Direcci\u00f3n IP (parte posiblemente acortada\/truncada en funci\u00f3n de la configuraci\u00f3n del alojamiento)<\/li>\n\n\n\n<li>Fecha y hora de acceso<\/li>\n\n\n\n<li>Tipo y versi\u00f3n del navegador<\/li>\n\n\n\n<li>Sistema operativo<\/li>\n\n\n\n<li>URL de referencia<\/li>\n\n\n\n<li>P\u00e1ginas\/archivos consultados<\/li>\n<\/ul>\n\n\n\n<p><strong>Prop\u00f3sito:<\/strong> prestaci\u00f3n t\u00e9cnica, seguridad, an\u00e1lisis de errores y defensa contra usos indebidos.<br><strong>Base jur\u00eddica:<\/strong> Art. 6 p\u00e1rr. 1 lit. f GDPR (inter\u00e9s leg\u00edtimo).<br><strong>Duraci\u00f3n del almacenamiento:<\/strong> Por lo general, los archivos de registro se almacenan durante un periodo de tiempo limitado y luego se eliminan, a menos que se produzcan eventos relevantes para la seguridad que requieran un almacenamiento m\u00e1s prolongado.<\/p>\n\n\n\n<hr class=\"wp-block-separator has-alpha-channel-opacity is-style-wide\"\/>\n\n\n\n<h3 class=\"wp-block-heading\">4. contacto (correo electr\u00f3nico \/ formulario de contacto)<\/h3>\n\n\n\n<p>Si se pone en contacto con nosotros por correo electr\u00f3nico o a trav\u00e9s de un formulario de contacto, los datos que nos proporcione (por ejemplo, nombre, correo electr\u00f3nico, mensaje) se procesar\u00e1n para atender su consulta.<\/p>\n\n\n\n<p><strong>Prop\u00f3sito:<\/strong> Tramitaci\u00f3n y respuesta de la consulta.<br><strong>Base jur\u00eddica:<\/strong><\/p>\n\n\n\n<ul class=\"wp-block-list\">\n<li>Art. 6 apartado 1 lit. b GDPR (medidas precontractuales \/ referencia contractual) o<\/li>\n\n\n\n<li>Art. 6 apdo. 1 lit. f GDPR (inter\u00e9s leg\u00edtimo en una comunicaci\u00f3n eficaz)<\/li>\n<\/ul>\n\n\n\n<p><strong>Duraci\u00f3n del almacenamiento:<\/strong> hasta el tratamiento final de su consulta; m\u00e1s all\u00e1 de eso, s\u00f3lo si existen plazos legales de conservaci\u00f3n.<\/p>\n\n\n\n<hr class=\"wp-block-separator has-alpha-channel-opacity is-style-wide\"\/>\n\n\n\n<h3 class=\"wp-block-heading\">5. gesti\u00f3n de cookies y consentimiento<\/h3>\n\n\n\n<p>Nuestro sitio web puede <strong>Cookies y tecnolog\u00edas similares<\/strong> utilizar cookies. Las cookies son peque\u00f1os archivos de texto que se almacenan en su dispositivo final.<\/p>\n\n\n\n<ul class=\"wp-block-list\">\n<li><strong>Cookies t\u00e9cnicamente necesarias<\/strong> son necesarios para que el sitio web funcione.<\/li>\n\n\n\n<li><strong>Galletas opcionales<\/strong> (por ejemplo, an\u00e1lisis\/marketing) s\u00f3lo si usted ha dado su consentimiento. <strong>consentido<\/strong> tener.<\/li>\n<\/ul>\n\n\n\n<p><strong>Base jur\u00eddica:<\/strong><\/p>\n\n\n\n<ul class=\"wp-block-list\">\n<li>t\u00e9cnicamente necesario: Art. 6 p\u00e1rr. 1 lit. f GDPR<\/li>\n\n\n\n<li>opcional (an\u00e1lisis\/marketing): Art. 6 para. 1 lit. a GDPR (consentimiento)<\/li>\n<\/ul>\n\n\n\n<p>Puede revocar o modificar su consentimiento en cualquier momento a trav\u00e9s de la configuraci\u00f3n de cookies\/consentimiento (si se utiliza una herramienta de consentimiento).<\/p>\n\n\n\n<hr class=\"wp-block-separator has-alpha-channel-opacity is-style-wide\"\/>\n\n\n\n<h3 class=\"wp-block-heading\">6. an\u00e1lisis web (por ejemplo, Google Analytics \/ GA4) <\/h3>\n\n\n\n<p>Si utilizamos an\u00e1lisis web, esto sirve para mejorar nuestro alcance y la experiencia del usuario. En particular, pueden procesarse direcciones IP (acortadas si es necesario), informaci\u00f3n sobre dispositivos\/navegadores, p\u00e1ginas visitadas, duraci\u00f3n de la visita e interacciones.<\/p>\n\n\n\n<p><strong>Base jur\u00eddica:<\/strong> Art. 6 p\u00e1rr. 1 lit. a GDPR (consentimiento).<br><strong>Transferencia a un tercer pa\u00eds:<\/strong> En el caso de los proveedores estadounidenses, los datos pueden transferirse a terceros pa\u00edses (por ejemplo, EE.UU.). Basamos dichas transferencias -cuando es necesario- en garant\u00edas adecuadas (por ejemplo, cl\u00e1usulas contractuales tipo) y medidas de protecci\u00f3n adicionales, cuando procede.<\/p>\n\n\n\n<hr class=\"wp-block-separator has-alpha-channel-opacity is-style-wide\"\/>\n\n\n\n<h3 class=\"wp-block-heading\">7. enlaces a redes sociales y contenido incrustado (por ejemplo, Instagram \/ YouTube)<\/h3>\n\n\n\n<p>Nuestro sitio web puede contener enlaces a plataformas de redes sociales (por ejemplo, Instagram, LinkedIn, YouTube). Si hace clic en un enlace o reproduce contenido incrustado, los datos pueden transferirse al proveedor correspondiente. En ese caso, se aplicar\u00e1n las disposiciones de protecci\u00f3n de datos del proveedor correspondiente.<\/p>\n\n\n\n<p><strong>Base jur\u00eddica:<\/strong> Art. 6 p\u00e1rr. 1 lit. a GDPR (consentimiento), si las incrustaciones s\u00f3lo se cargan despu\u00e9s del consentimiento, de lo contrario Art. 6 p\u00e1rr. 1 lit. f GDPR (inter\u00e9s leg\u00edtimo en una presentaci\u00f3n atractiva) - dependiendo de la implementaci\u00f3n t\u00e9cnica.<\/p>\n\n\n\n<hr class=\"wp-block-separator has-alpha-channel-opacity is-style-wide\"\/>\n\n\n\n<h3 class=\"wp-block-heading\">8. destinatario \/ procesador<\/h3>\n\n\n\n<p>Podemos utilizar proveedores de servicios para proporcionar nuestro sitio web y servicios (por ejemplo, alojamiento, correo electr\u00f3nico, an\u00e1lisis, bolet\u00edn de noticias). Estos procesan datos en nuestro nombre como <strong>Procesador<\/strong> de conformidad con el art\u00edculo 28 del GDPR o como controlador independiente (dependiendo del servicio).<\/p>\n\n\n\n<hr class=\"wp-block-separator has-alpha-channel-opacity is-style-wide\"\/>\n\n\n\n<h3 class=\"wp-block-heading\">9. transferencia de datos a terceros pa\u00edses<\/h3>\n\n\n\n<p>Dado que el responsable se encuentra en la <strong>Emiratos \u00c1rabes Unidos<\/strong> y, en funci\u00f3n del proveedor de servicios, otros destinatarios pueden estar situados fuera de la UE\/EEE, los datos pueden transferirse a <strong>Terceros pa\u00edses<\/strong> tener lugar.<\/p>\n\n\n\n<p>En caso necesario, nos aseguramos de que existan garant\u00edas adecuadas para un nivel suficiente de protecci\u00f3n de datos (por ejemplo, cl\u00e1usulas contractuales est\u00e1ndar, medidas de protecci\u00f3n adicionales) o de que se aplique una excepci\u00f3n legal.<\/p>\n\n\n\n<hr class=\"wp-block-separator has-alpha-channel-opacity is-style-wide\"\/>\n\n\n\n<h3 class=\"wp-block-heading\">10. periodo de almacenamiento<\/h3>\n\n\n\n<p>S\u00f3lo almacenamos los datos personales durante el tiempo necesario para los fines respectivos o durante los periodos de conservaci\u00f3n legales aplicables. A continuaci\u00f3n, los datos se eliminan o se convierten en an\u00f3nimos.<\/p>\n\n\n\n<hr class=\"wp-block-separator has-alpha-channel-opacity is-style-wide\"\/>\n\n\n\n<h3 class=\"wp-block-heading\">11. sus derechos (derechos de los interesados)<\/h3>\n\n\n\n<p>Usted tiene en todo momento los siguientes derechos en virtud del GDPR:<\/p>\n\n\n\n<ul class=\"wp-block-list\">\n<li><strong>Informaci\u00f3n<\/strong> (Art. 15)<\/li>\n\n\n\n<li><strong>Correcci\u00f3n<\/strong> (Art. 16)<\/li>\n\n\n\n<li><strong>Anulaci\u00f3n<\/strong> (Art. 17)<\/li>\n\n\n\n<li><strong>Restricci\u00f3n del tratamiento<\/strong> (Art. 18)<\/li>\n\n\n\n<li><strong>Portabilidad de los datos<\/strong> (Art. 20)<\/li>\n\n\n\n<li><strong>Contradicci\u00f3n<\/strong> contra el tratamiento basado en intereses leg\u00edtimos (art. 21)<\/li>\n\n\n\n<li><strong>Revocaci\u00f3n del consentimiento<\/strong> (Art. 7 apdo. 3) con efecto para el futuro<\/li>\n<\/ul>\n\n\n\n<p>Dirija sus consultas a <strong><a>office@lucentcrown.com<\/a><\/strong><\/p>\n\n\n\n<hr class=\"wp-block-separator has-alpha-channel-opacity is-style-wide\"\/>\n\n\n\n<h3 class=\"wp-block-heading\">12. derecho a presentar una reclamaci\u00f3n ante una autoridad de control<\/h3>\n\n\n\n<p>Tiene derecho a presentar una reclamaci\u00f3n ante una autoridad de control de protecci\u00f3n de datos, en particular en el Estado miembro de su residencia habitual, lugar de trabajo o lugar de la presunta infracci\u00f3n (art. 77 del RGPD).<\/p>\n\n\n\n<hr class=\"wp-block-separator has-alpha-channel-opacity is-style-wide\"\/>\n\n\n\n<h3 class=\"wp-block-heading\">13. obligaci\u00f3n de facilitar datos<\/h3>\n\n\n\n<p>Por lo general, el suministro de datos personales no es obligatorio por ley o por contrato. En casos concretos, puede ser necesario para tramitar consultas o iniciar\/realizar contratos. Sin estos datos, es posible que no pueda prestarse el servicio correspondiente.<\/p>\n\n\n\n<hr class=\"wp-block-separator has-alpha-channel-opacity is-style-wide\"\/>\n\n\n\n<h3 class=\"wp-block-heading\">14. ausencia de toma de decisiones automatizada<\/h3>\n\n\n\n<p>Un <strong>Toma de decisiones automatizada<\/strong> incluyendo la elaboraci\u00f3n de perfiles en el sentido del Art. 22 GDPR no tiene lugar - a menos que se indique expresamente lo contrario en los servicios individuales.<\/p>\n\n\n\n<hr class=\"wp-block-separator has-alpha-channel-opacity is-style-wide\"\/>\n\n\n\n<h3 class=\"wp-block-heading\">15. actualidad y cambios<\/h3>\n\n\n\n<p>La presente pol\u00edtica de privacidad podr\u00e1 ser modificada para adaptarla a exigencias legales o cambios en nuestros servicios.<\/p>\n\n\n\n<p><strong>Ponte de pie:<\/strong> Enero de 2026<\/p>","protected":false},"excerpt":{"rendered":"<p>1. Verantwortlicher (Controller) Verantwortlicher im Sinne der Datenschutz-Grundverordnung (DSGVO) ist: Lucent Crown Technologies \u2013 FZCOBuilding A1, Dubai Digital Park, Dubai Silicon OasisDubai, United Arab EmiratesLicense Number: 64612 Director: Leon Vincent&hellip;<\/p>","protected":false},"author":1,"featured_media":0,"parent":0,"menu_order":0,"comment_status":"closed","ping_status":"closed","template":"","meta":{"footnotes":""},"class_list":["post-46650","page","type-page","status-publish","hentry"],"_links":{"self":[{"href":"https:\/\/lucentcrown.com\/es\/wp-json\/wp\/v2\/pages\/46650","targetHints":{"allow":["GET"]}}],"collection":[{"href":"https:\/\/lucentcrown.com\/es\/wp-json\/wp\/v2\/pages"}],"about":[{"href":"https:\/\/lucentcrown.com\/es\/wp-json\/wp\/v2\/types\/page"}],"author":[{"embeddable":true,"href":"https:\/\/lucentcrown.com\/es\/wp-json\/wp\/v2\/users\/1"}],"replies":[{"embeddable":true,"href":"https:\/\/lucentcrown.com\/es\/wp-json\/wp\/v2\/comments?post=46650"}],"version-history":[{"count":1,"href":"https:\/\/lucentcrown.com\/es\/wp-json\/wp\/v2\/pages\/46650\/revisions"}],"predecessor-version":[{"id":46651,"href":"https:\/\/lucentcrown.com\/es\/wp-json\/wp\/v2\/pages\/46650\/revisions\/46651"}],"wp:attachment":[{"href":"https:\/\/lucentcrown.com\/es\/wp-json\/wp\/v2\/media?parent=46650"}],"curies":[{"name":"wp","href":"https:\/\/api.w.org\/{rel}","templated":true}]}}