{"id":46647,"date":"2026-01-15T13:24:54","date_gmt":"2026-01-15T12:24:54","guid":{"rendered":"https:\/\/lucentcrown.com\/?page_id=46647"},"modified":"2026-01-15T13:26:05","modified_gmt":"2026-01-15T12:26:05","slug":"impressum","status":"publish","type":"page","link":"https:\/\/lucentcrown.com\/it\/impressum\/","title":{"rendered":"Impronta"},"content":{"rendered":"<p><strong>Lucent Crown Technologies - FZCO<\/strong><br>Building A1, Dubai Digital Park<br>Dubai Silicon Oasis<br>Dubai, Emirati Arabi Uniti<\/p>\n\n\n\n<p><strong>Lizenznummer:<\/strong> 64612<\/p>\n\n\n\n<p><strong>Vertreten durch den Director:<\/strong><br>Leon Vincent Jakobsmeyer<\/p>\n\n\n\n<p><strong>Kontakt:<\/strong><br>Telefon: +49 151 72518430<br>E-Mail: <a>office@lucentcrown.com<\/a><\/p>\n\n\n\n<hr class=\"wp-block-separator has-alpha-channel-opacity is-style-wide\" style=\"margin-top:0;margin-bottom:0\"\/>\n\n\n\n<h2 class=\"wp-block-heading\"><strong>Haftung f\u00fcr Inhalte<\/strong><\/h2>\n\n\n\n<p>Die Inhalte unserer Seiten wurden mit gr\u00f6\u00dfter Sorgfalt erstellt. F\u00fcr die Richtigkeit, Vollst\u00e4ndigkeit und Aktualit\u00e4t der Inhalte k\u00f6nnen wir jedoch keine Gew\u00e4hr \u00fcbernehmen.<\/p>\n\n\n\n<p>Als Diensteanbieter sind wir gem\u00e4\u00df \u00a7 7 Abs. 1 TMG f\u00fcr eigene Inhalte auf diesen Seiten nach den allgemeinen Gesetzen verantwortlich. Nach \u00a7\u00a7 8 bis 10 TMG sind wir jedoch nicht verpflichtet, \u00fcbermittelte oder gespeicherte fremde Informationen zu \u00fcberwachen oder nach Umst\u00e4nden zu forschen, die auf eine rechtswidrige T\u00e4tigkeit hinweisen.<\/p>\n\n\n\n<p>Verpflichtungen zur Entfernung oder Sperrung der Nutzung von Informationen nach den allgemeinen Gesetzen bleiben hiervon unber\u00fchrt. Eine Haftung ist jedoch erst ab dem Zeitpunkt der Kenntnis einer konkreten Rechtsverletzung m\u00f6glich. Bei Bekanntwerden entsprechender Rechtsverletzungen werden wir diese Inhalte umgehend entfernen.<\/p>\n\n\n\n<hr class=\"wp-block-separator has-alpha-channel-opacity is-style-wide\"\/>\n\n\n\n<h2 class=\"wp-block-heading\"><strong>Haftung f\u00fcr Links<\/strong><\/h2>\n\n\n\n<p>Unser Angebot enth\u00e4lt Links zu externen Websites Dritter, auf deren Inhalte wir keinen Einfluss haben. F\u00fcr diese fremden Inhalte k\u00f6nnen wir daher keine Gew\u00e4hr \u00fcbernehmen. F\u00fcr die Inhalte der verlinkten Seiten ist stets der jeweilige Anbieter oder Betreiber der Seiten verantwortlich.<\/p>\n\n\n\n<p>Die verlinkten Seiten wurden zum Zeitpunkt der Verlinkung auf m\u00f6gliche Rechtsverst\u00f6\u00dfe \u00fcberpr\u00fcft. Rechtswidrige Inhalte waren zum Zeitpunkt der Verlinkung nicht erkennbar. Eine permanente inhaltliche Kontrolle der verlinkten Seiten ist ohne konkrete Anhaltspunkte einer Rechtsverletzung nicht zumutbar. Bei Bekanntwerden von Rechtsverletzungen werden wir derartige Links umgehend entfernen.<\/p>\n\n\n\n<hr class=\"wp-block-separator has-alpha-channel-opacity is-style-wide\"\/>\n\n\n\n<h2 class=\"wp-block-heading\"><strong>Urheberrecht<\/strong><\/h2>\n\n\n\n<p>Die durch den Seitenbetreiber erstellten Inhalte und Werke auf diesen Seiten unterliegen dem deutschen Urheberrecht. Beitr\u00e4ge Dritter sind als solche gekennzeichnet.<\/p>\n\n\n\n<p>Die Vervielf\u00e4ltigung, Bearbeitung, Verbreitung und jede Art der Verwertung au\u00dferhalb der Grenzen des Urheberrechts bed\u00fcrfen der schriftlichen Zustimmung des jeweiligen Autors bzw. Erstellers. Downloads und Kopien dieser Seite sind nur f\u00fcr den privaten, nicht kommerziellen Gebrauch gestattet.<\/p>\n\n\n\n<p>Sollten Sie trotzdem auf eine Urheberrechtsverletzung aufmerksam werden, bitten wir um einen entsprechenden Hinweis. Bei Bekanntwerden von Rechtsverletzungen werden wir derartige Inhalte umgehend entfernen.<\/p>","protected":false},"excerpt":{"rendered":"<p>Lucent Crown Technologies \u2013 FZCOBuilding A1, Dubai Digital ParkDubai Silicon OasisDubai, United Arab Emirates Lizenznummer: 64612 Vertreten durch den Director:Leon Vincent Jakobsmeyer Kontakt:Telefon: +49 151 72518430E-Mail: office@lucentcrown.com Haftung f\u00fcr Inhalte&hellip;<\/p>","protected":false},"author":1,"featured_media":0,"parent":0,"menu_order":0,"comment_status":"closed","ping_status":"closed","template":"","meta":{"footnotes":""},"class_list":["post-46647","page","type-page","status-publish","hentry"],"_links":{"self":[{"href":"https:\/\/lucentcrown.com\/it\/wp-json\/wp\/v2\/pages\/46647","targetHints":{"allow":["GET"]}}],"collection":[{"href":"https:\/\/lucentcrown.com\/it\/wp-json\/wp\/v2\/pages"}],"about":[{"href":"https:\/\/lucentcrown.com\/it\/wp-json\/wp\/v2\/types\/page"}],"author":[{"embeddable":true,"href":"https:\/\/lucentcrown.com\/it\/wp-json\/wp\/v2\/users\/1"}],"replies":[{"embeddable":true,"href":"https:\/\/lucentcrown.com\/it\/wp-json\/wp\/v2\/comments?post=46647"}],"version-history":[{"count":2,"href":"https:\/\/lucentcrown.com\/it\/wp-json\/wp\/v2\/pages\/46647\/revisions"}],"predecessor-version":[{"id":46649,"href":"https:\/\/lucentcrown.com\/it\/wp-json\/wp\/v2\/pages\/46647\/revisions\/46649"}],"wp:attachment":[{"href":"https:\/\/lucentcrown.com\/it\/wp-json\/wp\/v2\/media?parent=46647"}],"curies":[{"name":"wp","href":"https:\/\/api.w.org\/{rel}","templated":true}]}}